{"id":1464,"date":"2020-06-22T17:10:19","date_gmt":"2020-06-22T15:10:19","guid":{"rendered":"https:\/\/alt.reportageschule.de\/?page_id=1464"},"modified":"2021-02-10T12:33:28","modified_gmt":"2021-02-10T11:33:28","slug":"leseliste","status":"publish","type":"page","link":"https:\/\/alt.reportageschule.de\/index.php\/leseliste\/","title":{"rendered":"Leseliste"},"content":{"rendered":"\t\t<div data-elementor-type=\"wp-post\" data-elementor-id=\"1464\" class=\"elementor elementor-1464\">\n\t\t\t\t\t\t<section class=\"elementor-section elementor-top-section elementor-element elementor-element-714e267 elementor-section-boxed elementor-section-height-default elementor-section-height-default\" data-id=\"714e267\" data-element_type=\"section\">\n\t\t\t\t\t\t<div class=\"elementor-container elementor-column-gap-default\">\n\t\t\t\t\t<div class=\"elementor-column elementor-col-100 elementor-top-column elementor-element elementor-element-36a9da9\" data-id=\"36a9da9\" data-element_type=\"column\">\n\t\t\t<div class=\"elementor-widget-wrap\">\n\t\t\t\t\t\t\t<\/div>\n\t\t<\/div>\n\t\t\t\t\t<\/div>\n\t\t<\/section>\n\t\t\t\t<section class=\"elementor-section elementor-top-section elementor-element elementor-element-008ca9b elementor-section-boxed elementor-section-height-default elementor-section-height-default\" data-id=\"008ca9b\" data-element_type=\"section\">\n\t\t\t\t\t\t<div class=\"elementor-container elementor-column-gap-default\">\n\t\t\t\t\t<div class=\"elementor-column elementor-col-100 elementor-top-column elementor-element elementor-element-4bbd2f4\" data-id=\"4bbd2f4\" data-element_type=\"column\">\n\t\t\t<div class=\"elementor-widget-wrap elementor-element-populated\">\n\t\t\t\t\t\t<div class=\"elementor-element elementor-element-ab22d3b elementor-widget elementor-widget-spacer\" data-id=\"ab22d3b\" data-element_type=\"widget\" data-widget_type=\"spacer.default\">\n\t\t\t\t<div class=\"elementor-widget-container\">\n\t\t\t\t\t<div class=\"elementor-spacer\">\n\t\t\t<div class=\"elementor-spacer-inner\"><\/div>\n\t\t<\/div>\n\t\t\t\t<\/div>\n\t\t\t\t<\/div>\n\t\t\t\t\t<\/div>\n\t\t<\/div>\n\t\t\t\t\t<\/div>\n\t\t<\/section>\n\t\t\t\t<section class=\"elementor-section elementor-top-section elementor-element elementor-element-fe2cd94 elementor-section-boxed elementor-section-height-default elementor-section-height-default\" data-id=\"fe2cd94\" data-element_type=\"section\">\n\t\t\t\t\t\t<div class=\"elementor-container elementor-column-gap-default\">\n\t\t\t\t\t<div class=\"elementor-column elementor-col-100 elementor-top-column elementor-element elementor-element-00b3bad\" data-id=\"00b3bad\" data-element_type=\"column\">\n\t\t\t<div class=\"elementor-widget-wrap elementor-element-populated\">\n\t\t\t\t\t\t<div class=\"elementor-element elementor-element-90f010d elementor-widget elementor-widget-text-editor\" data-id=\"90f010d\" data-element_type=\"widget\" data-widget_type=\"text-editor.default\">\n\t\t\t\t<div class=\"elementor-widget-container\">\n\t\t\t\t\t\t\t<p><span class=\"textclass1\">88 B\u00fccher<\/span><span class=\"textclass2\"> &#8230; f\u00fcr Reporter*innen<\/span><\/p><p>Wie schreibt doch Laurie Penny?<br \/>\u201eThere is no universal writing life. But there are a few qualities that most of the really fantastic writers I know have in common \u2013 and the first of those is reading. Writers read widely and compulsively. They are not necessarily methodical; they will read to learn but they also read just to read, because they would rather do that than almost everything else. Writers take a great novel over a mediocre orgasm any day.<br \/>Unless I have a book with me at all times, one page dog-eared so that wherever I am I can flip it open and be elsewhere, I never feel quite right. I\u2019m less of a writer than I am a reader, one who sometimes crams in so many words that they overflow.\u201c<br \/>Genau. Weg mit den Smartphones, her mit den eselsohrigen B\u00fcchern.<br \/>Wer besser schreiben will, muss besser lesen. Das Ohr schulen. Wissen, was m\u00f6glich ist. Was die anderen schon alles gemacht haben.<br \/>Hier eine Liste zur Anregung, <a style=\"text-decoration: inherit !important; color: inherit !important;\" href=\"https:\/\/www.trianglegardener.com\/5-tips-for-keeping-your-garden-healthy\/\">you can try this out<\/a>. Sie beginnt mit Lehrb\u00fcchern und wird dann zunehmend \u201eliterarischer\u201c, ist ansonsten aber schrecklich ungeordnet. Sie enth\u00e4lt Kolumnen, Interviews, Autobiographisches, dezent angestaubte Klassiker, Reportagesammlungen, Reflexionen \u00fcber Reportagen, zu viel USA, zu viele Abenteuerstories von wei\u00dfen M\u00e4nnern, was fehlt? Sie enth\u00e4lt, wenn m\u00f6glich, die deutsche \u00dcbersetzung, wer zum Original greifen kann \u2013 besser.<\/p><p>Danke &#8211; Teresa B\u00fccker, Daniel Drepper, Esther G\u00f6bel, Hilmar Schmundt, Alexander Rupflin, Manuel Stark<\/p>\t\t\t\t\t\t<\/div>\n\t\t\t\t<\/div>\n\t\t\t\t\t<\/div>\n\t\t<\/div>\n\t\t\t\t\t<\/div>\n\t\t<\/section>\n\t\t\t\t<section class=\"elementor-section elementor-top-section elementor-element elementor-element-cf4bc08 elementor-section-boxed elementor-section-height-default elementor-section-height-default\" data-id=\"cf4bc08\" data-element_type=\"section\">\n\t\t\t\t\t\t<div class=\"elementor-container elementor-column-gap-default\">\n\t\t\t\t\t<div class=\"elementor-column elementor-col-100 elementor-top-column elementor-element elementor-element-381f062\" data-id=\"381f062\" data-element_type=\"column\">\n\t\t\t<div class=\"elementor-widget-wrap elementor-element-populated\">\n\t\t\t\t\t\t<div class=\"elementor-element elementor-element-a6a8b55 elementor-widget elementor-widget-text-editor\" data-id=\"a6a8b55\" data-element_type=\"widget\" data-widget_type=\"text-editor.default\">\n\t\t\t\t<div class=\"elementor-widget-container\">\n\t\t\t\t\t\t\t<h3>I. Trainingslager<\/h3><ol><li>Wolf Schneider \u2013 Deutsch f\u00fcr Profis. Wege zu gutem Stil <\/li><li>Marie Lampert \u2013 Storytelling f\u00fcr Journalisten. Wie baue ich eine gute Geschichte? <\/li><li>Constantin Seibt \u2013 Deadline. Wie man besser schreibt<\/li><li>Laurie Penny \u2013 Why I write (findet man im Netz)<\/li><li>Alexander Osang \u2013 Im n\u00e4chsten Leben<\/li><li>Marc Fischer \u2013 Die Sache mit dem Ich. Reportagen<\/li><li>Cordt Schnibben (Hrsg.) \u2013 Ins Herz der Welt. Deutschlands beste Reporter und ihre Suche nach der Wahrheit<\/li><li>Henning Su\u00dfebach \u2013 Die gro\u00dfe Welt gleich nebenan: Expeditionen in den deutschen Alltag<\/li><li>Juan Moreno \u2013 1000 Zeilen L\u00fcge. Das System Relotius und der deutsche Journalismus<\/li><li>Sven Michaelsen \u2013 Das drucken Sie aber nicht! Die besten Interviews<\/li><\/ol><div>\u00a0<\/div>\t\t\t\t\t\t<\/div>\n\t\t\t\t<\/div>\n\t\t\t\t\t<\/div>\n\t\t<\/div>\n\t\t\t\t\t<\/div>\n\t\t<\/section>\n\t\t\t\t<section class=\"elementor-section elementor-top-section elementor-element elementor-element-bb8e74b elementor-section-boxed elementor-section-height-default elementor-section-height-default\" data-id=\"bb8e74b\" data-element_type=\"section\">\n\t\t\t\t\t\t<div class=\"elementor-container elementor-column-gap-default\">\n\t\t\t\t\t<div class=\"elementor-column elementor-col-100 elementor-top-column elementor-element elementor-element-54baede\" data-id=\"54baede\" data-element_type=\"column\">\n\t\t\t<div class=\"elementor-widget-wrap elementor-element-populated\">\n\t\t\t\t\t\t<div class=\"elementor-element elementor-element-b475112 elementor-widget elementor-widget-text-editor\" data-id=\"b475112\" data-element_type=\"widget\" data-widget_type=\"text-editor.default\">\n\t\t\t\t<div class=\"elementor-widget-container\">\n\t\t\t\t\t\t\t<h3>II. Bundesliga<\/h3>\n<ol start=\"11\">\n \t<li>Mark Kramer \/ Wendy Call \u2013 Telling True Stories. A Nonfiction Writers\u2018 Guide from the Nieman Foundation at Harvard University<\/li>\n \t<li>Robert S. Boynton \u2013 The New New Journalism. Conversations with America&#8217;s Best Nonfiction Writers on Their Craft<\/li>\n \t<li>Jon Franklin \u2013 Writing for Story. Craft Secrets of Dramatic Nonfiction<\/li>\n \t<li>Roy Peter Clark \u2013 How to Write Short. Word Craft for Fast Times<\/li>\n \t<li>Doris D\u00f6rrie \u2013 Leben, schreiben, atmen. Eine Einladung zum Schreiben<\/li>\n \t<li>Chris Anderson \u2013 TED Talks: Die Kunst der \u00f6ffentlichen Rede. Das offizielle Handbuch<\/li>\n \t<li>Cordt Schnibben \u2013 Neues Deutschland. Seltsame Berichte aus der Welt der Bundesb\u00fcrger. Reportagen<\/li>\n \t<li>Marie-Luise Scherer \u2013 Die Bestie von Paris und andere Geschichten<\/li>\n \t<li>Carolin Emcke \u2013 Von den Kriegen. Briefe an Freunde<\/li>\n \t<li>Christian Kracht \u2013 Der gelbe Bleistift. Reisegeschichten aus Asien<\/li>\n \t<li>Daniel Ryser \u2013 1,7 Kilogramm. Der Kokain-Report (findet man im Netz)<\/li>\n \t<li>Charlotte Wiedemann \u2013 Vom Versuch, nicht wei\u00df zu schreiben, oder: Wie Journalismus unser Weltbild pr\u00e4gt<\/li>\n \t<li>Meike Winnemuth \u2013 Um es kurz zu machen. \u00dcber das unversch\u00e4mte Gl\u00fcck, auf der Welt zu sein<\/li>\n \t<li>Margarete Stokowski \u2013 Die letzten Tage des Patriarchats<\/li>\n \t<li>Alice Hasters \u2013 Was wei\u00dfe Menschen nicht \u00fcber Rassismus h\u00f6ren wollen, aber wissen sollten<\/li>\n \t<li>Bastian Obermayer \/ Frederik Obermaier \u2013 Panama Papers. Die Geschichte einer weltweiten Enth\u00fcllung.<\/li>\n \t<li>Heike Faller \u2013 Hundert: Was du im Leben lernen wirst<\/li>\n \t<li>Michael Obert \u2013 Regenzauber. Auf dem Niger ins Innere Afrikas<\/li>\n \t<li>Wolfgang Bauer \u2013 Bruchzone. Krisenreportagen<\/li>\n \t<li>Andrew O\u2019Hagan \u2013 Ghosting (findet man im Netz)<\/li>\n<\/ol>\t\t\t\t\t\t<\/div>\n\t\t\t\t<\/div>\n\t\t\t\t\t<\/div>\n\t\t<\/div>\n\t\t\t\t\t<\/div>\n\t\t<\/section>\n\t\t\t\t<section class=\"elementor-section elementor-top-section elementor-element elementor-element-9b2ef3c elementor-section-boxed elementor-section-height-default elementor-section-height-default\" data-id=\"9b2ef3c\" data-element_type=\"section\">\n\t\t\t\t\t\t<div class=\"elementor-container elementor-column-gap-default\">\n\t\t\t\t\t<div class=\"elementor-column elementor-col-100 elementor-top-column elementor-element elementor-element-af526dc\" data-id=\"af526dc\" data-element_type=\"column\">\n\t\t\t<div class=\"elementor-widget-wrap elementor-element-populated\">\n\t\t\t\t\t\t<div class=\"elementor-element elementor-element-3a67a5d elementor-widget elementor-widget-text-editor\" data-id=\"3a67a5d\" data-element_type=\"widget\" data-widget_type=\"text-editor.default\">\n\t\t\t\t<div class=\"elementor-widget-container\">\n\t\t\t\t\t\t\t<h3>III. Champions League<\/h3><ol start=\"31\"><li>Emmanuel Carr\u00e8re \u2013 Brief an eine Zoow\u00e4rterin aus Calais (Und ALLES von ihm)<\/li><li>Michael Lewis \u2013 The Undoing Project. A Friendship That Changed Our Minds (und ALLES von ihm)<\/li><li>Ryszard Kapu\u015bci\u0144ski \u2013 K\u00f6nig der K\u00f6nige (und ALLES von ihm)<\/li><li>Arlie Hochschild \u2013 Fremd in ihrem Land. Eine Reise ins Herz der amerikanischen Rechten. (und ALLES von ihr)<\/li><li>Egon Erwin Kisch \u2013 Der Rasende Reporter<\/li><li>Tom Wolfe \u2013 Das bonbonfarbene tangerinrot-gespritzte Stromlinienbaby<\/li><li>Hunter S. Thompson \u2013 Angst und Schrecken in Las Vegas<\/li><li>Norman Mailer \u2013 Heere aus der Nacht<\/li><li>VS Naipaul \u2013 In einem freien Land<\/li><li>Gay Talese \u2013 High Notes. Reportagen<\/li><li>David Foster Wallace \u2013 Am Beispiel des Hummers<\/li><li>Moritz von Uslar \u2013 Deutschboden<\/li><li>Leslie Jamison \u2013 Die Empathie-Tests: \u00dcber Einf\u00fchlung und das Leiden anderer<\/li><li>Roxane Gay \u2013 Hunger. Die Geschichte meines K\u00f6rpers<\/li><li>Sonia Nazario \u2013 Enrique\u2019s Journey. The Story of a Boy&#8217;s Dangerous Odyssey to Reunite with His Mother<\/li><li>Ronan Farrow \u2013 Durchbruch: Der Weinstein-Skandal, Trump und die Folgen<\/li><li>George Packer \u2013 Die Abwicklung: Eine innere Geschichte des neuen Amerika<\/li><li>William Langewiesche \u2013 Outlaw Sea. A World of Freedom, Chaos and Crime<\/li><li>Truman Capote \u2013 Kaltbl\u00fctig<\/li><li>Jon Krakauer \u2013 In eisige H\u00f6hen. Das Drama am Mount Everest<\/li><li>Christopher McDougall \u2013 Born to Run. Ein vergessenes Volk und das Geheimnis der besten und gl\u00fccklichsten L\u00e4ufer der Welt<\/li><li>Michael Finkel \u2013 Der Ruf der Stille. Die Geschichte eines Mannes, der 27 Jahre in den W\u00e4ldern verschwand<\/li><li>Katherine Boo \u2013 Annawadi oder Der Traum von einem anderen Leben<\/li><li>Thomas Pletzinger \u2013 The Great Nowitzky<\/li><li>Michael Paterniti \u2013 Unterwegs mit Mr. Einstein<\/li><li>Malcolm Gladwell \u2013 What the Dog Saw And Other Adventures<\/li><li>Carmen Pinilla \/ Frank Wegner (Hrsg.) \u2013 Verdammter S\u00fcden. Das andere Amerika. Reportagen aus S\u00fcdamerika<\/li><li>Bill Buford \u2013 Geil auf Gewalt. Unter Hooligans (furchtbarer Titel, starkes Buch)<\/li><li>Jon Ronson \u2013 In Shitgewittern. Wie wir uns das Leben zur H\u00f6lle machen<\/li><li>Michael Pollan \u2013 Ver\u00e4ndere dein Bewusstsein. Was uns die neue Psychedelik-Forschung \u00fcber Sucht, Depression, Todesfurcht und Transzendenz lehrt<\/li><li>Patrick Symmes \u2013 Reiseziel Che Guevara. Mit dem Motorrad durch Lateinamerika<\/li><li>Jonathan Raban \u2013 Bad Land. Ein amerikanisches Abenteuer<\/li><li>Paul Theroux \u2013 Abenteuer Eisenbahn. Auf Schienen um die halbe Welt<\/li><li>Ted Conover \u2013 Coyotes. A Journey Across Borders with America&#8217;s Mexican Migrants<\/li><li>Anand Gopal \u2013 No Good Men Among the Living<\/li><li>Alma Guillermoprieto \u2013 The Heart That Bleeds: Latin America Now<\/li><li>Fabrizio Gatti \u2013 Bilal. Als Illegaler auf dem Weg nach Europa<\/li><li>Juli Zeh \u2013 Die Stille ist ein Ger\u00e4usch<\/li><li>Gabriele Goettle \u2013 Der Augenblick. Reisen durch den unbekannten Alltag. Reportagen<\/li><li>Andrzej Stasiuk \u2013 Unterwegs nach Babadag<\/li><li>Lauren Sandler \u2013 This Is All I Got: A New Mother&#8217;s Search for Home<\/li><li>Joe Simpson \u2013 Sturz ins Leere<\/li><li>Anthony Bourdain \u2013 Gest\u00e4ndnisse eines K\u00fcchenchefs. Was Sie \u00fcber Restaurants nie wissen wollten<\/li><li>Dan Fagin \u2013 Toms River. A Story of Science and Salvation<\/li><li>Jonathan Harr \u2013 A Civil Action<\/li><li>Alex Kotlowitz \u2013 There Are No Children Here. The Story of Two Boys Growing Up in The Other America<\/li><li>Sebastian Junger \u2013 Der perfekte Sturm.<\/li><li>Philip Gourevitch \u2013 Wir m\u00f6chten Ihnen mitteilen, dass wir morgen mit unseren Familien umgebracht werden. Berichte aus Rwanda<\/li><li>Lisa Belkin \u2013 Show Me a Hero. Eine wahre Geschichte \u00fcber Macht, Verrat und Gewalt<\/li><li>Ronald Reng \u2013 Mroskos Talente. Das erstaunliche Leben eines Bundesliga-Scouts<\/li><li>Didier Eribon \u2013 R\u00fcckkehr nach Reims<\/li><li>J.D. Vance \u2013 Hillbilly-Elegie: Die Geschichte meiner Familie und einer Gesellschaft in der Krise<\/li><li>Stephen Witt \u2013 How Music Got Free: Wie zwei Erfinder, ein Plattenboss und ein Gauner eine ganze Industrie zu Fall brachten<\/li><li>Isabel Wilkerson \u2013 The Warmth of Other Suns: The Epic Story of America&#8217;s Great Migration<\/li><li>Anand Gopal \u2013 No Good Men Among the Living<\/li><li>Alma Guillermoprieto \u2013 The Heart That Bleeds: Latin America Now<\/li><li>Fabrizio Gatti \u2013 Bilal: Als Illegaler auf dem Weg nach Europa<\/li><li>William Langewiesche \u2013 Outlaw Sea. A World of Freedom, Chaos and Crime<\/li><\/ol><div>\u00a0<\/div>\t\t\t\t\t\t<\/div>\n\t\t\t\t<\/div>\n\t\t\t\t\t<\/div>\n\t\t<\/div>\n\t\t\t\t\t<\/div>\n\t\t<\/section>\n\t\t\t\t<\/div>\n\t\t","protected":false},"excerpt":{"rendered":"<p>Home Wir sind der 16. Lehrgang Wir waren der 15. Lehrgang Leseliste Go-Magazine Reporterreisen Kuratorium 88 B\u00fccher &#8230; f\u00fcr Reporter*innen Wie schreibt doch Laurie Penny?\u201eThere is no universal writing life. But there are a few qualities that most of the really fantastic writers I know have in common \u2013 and the first of those is [&hellip;]<\/p>\n","protected":false},"author":3,"featured_media":0,"parent":0,"menu_order":0,"comment_status":"closed","ping_status":"closed","template":"","meta":{"footnotes":""},"_links":{"self":[{"href":"https:\/\/alt.reportageschule.de\/index.php\/wp-json\/wp\/v2\/pages\/1464"}],"collection":[{"href":"https:\/\/alt.reportageschule.de\/index.php\/wp-json\/wp\/v2\/pages"}],"about":[{"href":"https:\/\/alt.reportageschule.de\/index.php\/wp-json\/wp\/v2\/types\/page"}],"author":[{"embeddable":true,"href":"https:\/\/alt.reportageschule.de\/index.php\/wp-json\/wp\/v2\/users\/3"}],"replies":[{"embeddable":true,"href":"https:\/\/alt.reportageschule.de\/index.php\/wp-json\/wp\/v2\/comments?post=1464"}],"version-history":[{"count":51,"href":"https:\/\/alt.reportageschule.de\/index.php\/wp-json\/wp\/v2\/pages\/1464\/revisions"}],"predecessor-version":[{"id":1962,"href":"https:\/\/alt.reportageschule.de\/index.php\/wp-json\/wp\/v2\/pages\/1464\/revisions\/1962"}],"wp:attachment":[{"href":"https:\/\/alt.reportageschule.de\/index.php\/wp-json\/wp\/v2\/media?parent=1464"}],"curies":[{"name":"wp","href":"https:\/\/api.w.org\/{rel}","templated":true}]}}