{"id":112,"date":"2019-08-31T10:37:17","date_gmt":"2019-08-31T08:37:17","guid":{"rendered":"https:\/\/alt.reportageschule.de\/?page_id=112"},"modified":"2019-11-22T17:42:58","modified_gmt":"2019-11-22T16:42:58","slug":"impressum","status":"publish","type":"page","link":"https:\/\/alt.reportageschule.de\/index.php\/impressum\/","title":{"rendered":"Impressum"},"content":{"rendered":"\t\t<div data-elementor-type=\"wp-post\" data-elementor-id=\"112\" class=\"elementor elementor-112\">\n\t\t\t\t\t\t<section class=\"elementor-section elementor-top-section elementor-element elementor-element-fb0b912 elementor-section-full_width header-menu elementor-section-height-default elementor-section-height-default\" data-id=\"fb0b912\" data-element_type=\"section\">\n\t\t\t\t\t\t<div class=\"elementor-container elementor-column-gap-no\">\n\t\t\t\t\t<div class=\"elementor-column elementor-col-100 elementor-top-column elementor-element elementor-element-a22f9c8\" data-id=\"a22f9c8\" data-element_type=\"column\">\n\t\t\t<div class=\"elementor-widget-wrap\">\n\t\t\t\t\t\t\t<\/div>\n\t\t<\/div>\n\t\t\t\t\t<\/div>\n\t\t<\/section>\n\t\t\t\t<section class=\"elementor-section elementor-top-section elementor-element elementor-element-e30c928 repoimp-section-01 elementor-section-boxed elementor-section-height-default elementor-section-height-default\" data-id=\"e30c928\" data-element_type=\"section\">\n\t\t\t\t\t\t<div class=\"elementor-container elementor-column-gap-default\">\n\t\t\t\t\t<div class=\"elementor-column elementor-col-100 elementor-top-column elementor-element elementor-element-379db09\" data-id=\"379db09\" data-element_type=\"column\">\n\t\t\t<div class=\"elementor-widget-wrap elementor-element-populated\">\n\t\t\t\t\t\t<div class=\"elementor-element elementor-element-d5d2a99 elementor-widget elementor-widget-text-editor\" data-id=\"d5d2a99\" data-element_type=\"widget\" data-widget_type=\"text-editor.default\">\n\t\t\t\t<div class=\"elementor-widget-container\">\n\t\t\t\t\t\t\t<p><a href=\"https:\/\/alt.reportageschule.de\/\">zur\u00fcck zur Startseite<\/a><\/p><p><a href=\"#datenschutz\">Datenschutzerkl\u00e4rung<\/a><\/p>\t\t\t\t\t\t<\/div>\n\t\t\t\t<\/div>\n\t\t\t\t<div class=\"elementor-element elementor-element-914a756 elementor-widget elementor-widget-heading\" data-id=\"914a756\" data-element_type=\"widget\" data-widget_type=\"heading.default\">\n\t\t\t\t<div class=\"elementor-widget-container\">\n\t\t\t<h2 class=\"elementor-heading-title elementor-size-default\">Impressum<\/h2>\t\t<\/div>\n\t\t\t\t<\/div>\n\t\t\t\t<div class=\"elementor-element elementor-element-e23b0bd elementor-widget elementor-widget-text-editor\" data-id=\"e23b0bd\" data-element_type=\"widget\" data-widget_type=\"text-editor.default\">\n\t\t\t\t<div class=\"elementor-widget-container\">\n\t\t\t\t\t\t\t<p><strong>Die Reportageschule<\/strong><br \/>Ein Projekt der VHS Reutlingen<br \/>Spendhausstra\u00dfe 6<br \/>72764 Reutlingen<br \/>Tel: 07121 336-182<\/p><p><a href=\"mailto:info@reportageschule.dde\">info@alt.reportageschule.de<\/a><\/p><div class=\"body\"><p>\u00a0<\/p><p><strong>Verantwortlich im Sinne des \u00a7 6 Teledienstgesetzes und des \u00a7 6 Mediendienste-Staatsvertrags:<\/strong><br \/>Volkshochschule Reutingen GmbH, eingetragen beim Registergericht Stuttgart, HRB 352812<br \/><strong>Gesch\u00e4ftsf\u00fchrer:<\/strong> Dr. Ulrich Bausch<br \/><strong>Postanschrift:<\/strong> Spendhausstr. 6, 72764 Reutlingen<br \/><strong>Telefon:<\/strong> 07121 336-0<\/p><p><strong>Ihre telefonischen Fragen beantworten wir gerne:<\/strong><br \/>Tel. 07121 336-0<\/p><p><strong>Sie k\u00f6nnen Ihre Fragen auch per E-Mail stellen:<\/strong><br \/><strong>&#8230; allgemeine Fragen:<\/strong><br \/>info (at) vhsrt (punkt) de<br \/><strong>&#8230; redaktionelle Fragen:<\/strong><br \/>sjunger (at) vhsrt (punkt) de<br \/><strong>&#8230; technische Fragen:<\/strong><br \/>webmaster (at) vhsrt (punkt) de<\/p><h2>Disclaimer \/ Haftungsausschluss<\/h2><h3>1. Inhalt des Onlineangebotes<\/h3><p>Der Autor \u00fcbernimmt keinerlei Gew\u00e4hr f\u00fcr die Aktualit\u00e4t, Korrektheit, Vollst\u00e4ndigkeit oder Qualit\u00e4t der bereitgestellten Informationen. Haftungsanspr\u00fcche gegen den Autor, welche sich auf Sch\u00e4den materieller oder ideeller Art beziehen, die durch die Nutzung oder Nichtnutzung der dargebotenen Informationen bzw. durch die Nutzung fehlerhafter und unvollst\u00e4ndiger Informationen verursacht wurden, sind grunds\u00e4tzlich ausgeschlossen, sofern seitens des Autors kein nachweislich vors\u00e4tzliches oder grob fahrl\u00e4ssiges Verschulden vorliegt.<br \/>Alle Angebote sind freibleibend und unverbindlich. Der Autor beh\u00e4lt es sich ausdr\u00fccklich vor, Teile der Seiten oder das gesamte Angebot ohne gesonderte Ank\u00fcndigung zu ver\u00e4ndern, zu erg\u00e4nzen, zu l\u00f6schen oder die Ver\u00f6ffentlichung zeitweise oder endg\u00fcltig einzustellen.<\/p><h3>2. Verweise und Links<\/h3><p>Bei direkten oder indirekten Verweisen auf fremde Webseiten (&#8222;Hyperlinks&#8220;), die au\u00dferhalb des Verantwortungsbereiches des Autors liegen, w\u00fcrde eine Haftungsverpflichtung ausschlie\u00dflich in dem Fall in Kraft treten, in dem der Autor von den Inhalten Kenntnis hat und es ihm technisch m\u00f6glich und zumutbar w\u00e4re, die Nutzung im Falle rechtswidriger Inhalte zu verhindern.<br \/>Der Autor erkl\u00e4rt hiermit ausdr\u00fccklich, dass zum Zeitpunkt der Linksetzung keine illegalen Inhalte auf den zu verlinkenden Seiten erkennbar waren. Auf die aktuelle und zuk\u00fcnftige Gestaltung, die Inhalte oder die Urheberschaft der gelinkten\/verkn\u00fcpften Seiten hat der Autor keinerlei Einfluss. Deshalb distanziert er sich hiermit ausdr\u00fccklich von allen Inhalten aller gelinkten \/verkn\u00fcpften Seiten, die nach der Linksetzung ver\u00e4ndert wurden. Diese Feststellung gilt f\u00fcr alle innerhalb des eigenen Internetangebotes gesetzten Links und Verweise sowie f\u00fcr Fremdeintr\u00e4ge in vom Autor eingerichteten G\u00e4steb\u00fcchern, Diskussionsforen und Mailinglisten. F\u00fcr illegale, fehlerhafte oder unvollst\u00e4ndige Inhalte und insbesondere f\u00fcr Sch\u00e4den, die aus der Nutzung oder Nichtnutzung solcherart dargebotener Informationen entstehen, haftet allein der Anbieter der Seite, auf welche verwiesen wurde, nicht derjenige, der \u00fcber Links auf die jeweilige Ver\u00f6ffentlichung lediglich verweist.<\/p><h3>3. Urheber- und Kennzeichenrecht<\/h3><p>Der Autor ist bestrebt, in allen Publikationen die Urheberrechte der verwendeten Grafiken, Tondokumente, Videosequenzen und Texte zu beachten, von ihm selbst erstellte Grafiken, Tondokumente, Videosequenzen und Texte zu nutzen oder auf lizenzfreie Grafiken, Tondokumente, Videosequenzen und Texte zur\u00fcckzugreifen.<br \/>Alle innerhalb des Internetangebotes genannten und ggf. durch Dritte gesch\u00fctzten Marken- und Warenzeichen unterliegen uneingeschr\u00e4nkt den Bestimmungen des jeweils g\u00fcltigen Kennzeichenrechts und den Besitzrechten der jeweiligen eingetragenen Eigent\u00fcmer. Allein aufgrund der blo\u00dfen Nennung ist nicht der Schluss zu ziehen, dass Markenzeichen nicht durch Rechte Dritter gesch\u00fctzt sind!<br \/>Das Copyright f\u00fcr ver\u00f6ffentlichte, vom Autor selbst erstellte Objekte bleibt allein beim Autor der Seiten. Eine Vervielf\u00e4ltigung oder Verwendung solcher Grafiken, Tondokumente, Videosequenzen und Texte in anderen elektronischen oder gedruckten Publikationen ist ohne ausdr\u00fcckliche Zustimmung des Autors nicht gestattet.<\/p><h3>4. Datenschutz<\/h3><p>Sofern innerhalb des Internetangebotes die M\u00f6glichkeit zur Eingabe pers\u00f6nlicher oder gesch\u00e4ftlicher Daten (Emailadressen, Namen, Anschriften) besteht, so erfolgt die Preisgabe dieser Daten seitens des Nutzers auf ausdr\u00fccklich freiwilliger Basis. Die Inanspruchnahme und Bezahlung aller angebotenen Dienste ist &#8211; soweit technisch m\u00f6glich und zumutbar &#8211; auch ohne AngabesolcherDaten bzw. unter Angabe anonymisierter Daten oder eines Pseudonyms gestattet. Die Nutzung der im Rahmen des Impressums oder vergleichbarer Angaben ver\u00f6ffentlichten Kontaktdaten wie Postanschriften, Telefon- und Faxnummern sowie Emailadressen durch Dritte zur \u00dcbersendung von nicht ausdr\u00fccklich angeforderten Informationen ist nicht gestattet. Rechtliche Schritte gegen die Versender von sogenannten Spam-Mails bei Verst\u00f6ssen gegen dieses Verbot sind ausdr\u00fccklich vorbehalten.<\/p><p>Diese Website benutzt Google Analytics, einen Webanalysedienst der Google Inc. (\u201eGoogle\u201c). Google Analytics verwendet sog. \u201eCookies\u201c, Textdateien, die auf Ihrem Computer gespeichert werden und die eine Analyse der Benutzung der Website durch Sie erm\u00f6glichen. Die durch den Cookie erzeugten Informationen \u00fcber Ihre Benutzung dieser Website (einschlie\u00dflich Ihrer IP-Adresse) wird an einen Server von Google in den USA \u00fcbertragen und dort gespeichert. Google wird diese Informationen benutzen, um Ihre Nutzung der Website auszuwerten, um Reports \u00fcber die Websiteaktivit\u00e4ten f\u00fcr die Websitebetreiber zusammenzustellen und um weitere mit der Websitenutzung und der Internetnutzung verbundene Dienstleistungen zu erbringen. Auch wird Google diese Informationen gegebenenfalls an Dritte \u00fcbertragen, sofern dies gesetzlich vorgeschrieben oder soweit Dritte diese Daten im Auftrag von Google verarbeiten. Google wird in keinem Fall Ihre IP-Adresse mit anderen Daten von Google in Verbindung bringen. Sie k\u00f6nnen die Installation der Cookies durch eine entsprechende Einstellung Ihrer Browser Software verhindern; wir weisen Sie jedoch darauf hin, dass Sie in diesem Fall gegebenenfalls nicht s\u00e4mtliche Funktionen dieser Website vollumf\u00e4nglich nutzen k\u00f6nnen. Durch die Nutzung dieser Website erkl\u00e4ren Sie sich mit der Bearbeitung der \u00fcber Sie erhobenen Daten durch Google in der zuvor beschriebenen Art und Weise und zu dem zuvor benannten Zweck einverstanden. Der Datenerhebung und -speicherung kann jederzeit mit Wirkung f\u00fcr die Zukunft <a class=\"external\" title=\"Externer Link\" href=\"http:\/\/tools.google.com\/dlpage\/gaoptout?hl=de\">widersprochen<\/a> werden. Angesichts der Diskussion um den Einsatz von Analysetools mit vollst\u00e4ndigen IP-Adressen m\u00f6chten wir darauf hinweisen, dass diese Website Google Analytics mit der Erweiterung \u201e_anonymizeIp()\u201c verwendet und daher IP-Adressen nur gek\u00fcrzt weiterverarbeitet werden, um eine direkte Personenbeziehbarkeit auszuschlie\u00dfen.<\/p><h3>5. Rechtswirksamkeit dieses Haftungsausschlusses<\/h3><p>Dieser Haftungsausschluss ist als Teil des Internetangebotes zu betrachten, von dem aus auf diese Seite verwiesen wurde. Sofern Teile oder einzelne Formulierungen dieses Textes der geltenden Rechtslage nicht, nicht mehr oder nicht vollst\u00e4ndig entsprechen sollten, bleiben die \u00fcbrigen Teile des Dokumentes in ihrem Inhalt und ihrer G\u00fcltigkeit davon unber\u00fchrt.<\/p><\/div>\t\t\t\t\t\t<\/div>\n\t\t\t\t<\/div>\n\t\t\t\t\t<\/div>\n\t\t<\/div>\n\t\t\t\t\t<\/div>\n\t\t<\/section>\n\t\t\t\t<section class=\"elementor-section elementor-top-section elementor-element elementor-element-d9ee724 elementor-section-boxed elementor-section-height-default elementor-section-height-default\" data-id=\"d9ee724\" data-element_type=\"section\">\n\t\t\t\t\t\t<div class=\"elementor-container elementor-column-gap-default\">\n\t\t\t\t\t<div class=\"elementor-column elementor-col-100 elementor-top-column elementor-element elementor-element-2f457b5\" data-id=\"2f457b5\" data-element_type=\"column\">\n\t\t\t<div class=\"elementor-widget-wrap elementor-element-populated\">\n\t\t\t\t\t\t<div class=\"elementor-element elementor-element-6c0471e elementor-widget elementor-widget-menu-anchor\" data-id=\"6c0471e\" data-element_type=\"widget\" data-widget_type=\"menu-anchor.default\">\n\t\t\t\t<div class=\"elementor-widget-container\">\n\t\t\t\t\t<div id=\"datenschutz\" class=\"elementor-menu-anchor\"><\/div>\n\t\t\t\t<\/div>\n\t\t\t\t<\/div>\n\t\t\t\t\t<\/div>\n\t\t<\/div>\n\t\t\t\t\t<\/div>\n\t\t<\/section>\n\t\t\t\t<section class=\"elementor-section elementor-top-section elementor-element elementor-element-0985c28 repoimp-section-03 elementor-section-boxed elementor-section-height-default elementor-section-height-default\" data-id=\"0985c28\" data-element_type=\"section\">\n\t\t\t\t\t\t<div class=\"elementor-container elementor-column-gap-default\">\n\t\t\t\t\t<div class=\"elementor-column elementor-col-100 elementor-top-column elementor-element elementor-element-8e80cc9\" data-id=\"8e80cc9\" data-element_type=\"column\">\n\t\t\t<div class=\"elementor-widget-wrap elementor-element-populated\">\n\t\t\t\t\t\t<div class=\"elementor-element elementor-element-44da523 elementor-widget elementor-widget-text-editor\" data-id=\"44da523\" data-element_type=\"widget\" data-widget_type=\"text-editor.default\">\n\t\t\t\t<div class=\"elementor-widget-container\">\n\t\t\t\t\t\t\t<p><a href=\"https:\/\/alt.reportageschule.de\/\">zur\u00fcck zur Startseite<\/a><\/p>\t\t\t\t\t\t<\/div>\n\t\t\t\t<\/div>\n\t\t\t\t\t<\/div>\n\t\t<\/div>\n\t\t\t\t\t<\/div>\n\t\t<\/section>\n\t\t\t\t<section class=\"elementor-section elementor-top-section elementor-element elementor-element-f4ceaf3 repoimp-section-04 elementor-section-boxed elementor-section-height-default elementor-section-height-default\" data-id=\"f4ceaf3\" data-element_type=\"section\">\n\t\t\t\t\t\t<div class=\"elementor-container elementor-column-gap-default\">\n\t\t\t\t\t<div class=\"elementor-column elementor-col-100 elementor-top-column elementor-element elementor-element-8533018\" data-id=\"8533018\" data-element_type=\"column\">\n\t\t\t<div class=\"elementor-widget-wrap elementor-element-populated\">\n\t\t\t\t\t\t<div class=\"elementor-element elementor-element-ef9f17e elementor-widget elementor-widget-text-editor\" data-id=\"ef9f17e\" data-element_type=\"widget\" data-widget_type=\"text-editor.default\">\n\t\t\t\t<div class=\"elementor-widget-container\">\n\t\t\t\t\t\t\t<h2>Datenschutzerkl\u00e4rung<\/h2><p>Wir nehmen den Schutz Ihrer pers\u00f6nlichen Daten sehr ernst und halten uns strikt an die Regeln der Datenschutzgesetze. Personenbezogene Daten werden auf dieser Webseite nur im technisch notwendigen Umfang erhoben. In keinem Fall werden die erhobenen Daten verkauft oder aus anderen Gr\u00fcnden an Dritte weitergegeben.<\/p><p>Die nachfolgende Erkl\u00e4rung gibt Ihnen einen \u00dcberblick dar\u00fcber, wie wir diesen Schutz gew\u00e4hrleisten und welche Art von Daten zu welchem Zweck erhoben werden.<\/p><h3>Verantwortlichkeit<\/h3><p>Volkshochschule Reutlingen GmbH, Spendhausstra\u00dfe 6, 72764 Reutlingen<br \/>Tel.: 07121 336-0 E-mail:info@vhsrt.de<br \/>vertreten durch: Dr. Ulrich Bausch, Gesch\u00e4ftsf\u00fchrer<\/p><h3>Datenverarbeitung auf dieser Internetseite<\/h3><p>Wir erheben und speichern automatisch in ihren Server Log Files Informationen, die Ihr Browser an uns \u00fcbermittelt. Dies sind:<\/p><p>Browsertyp\/ -version<br \/>verwendetes Betriebssystem<br \/>Referer URL (die zuvor besuchte Seite)<br \/>Hostname des zugreifenden Rechners (IP-Adresse)<br \/>Uhrzeit der Serveranfrage.<\/p><p>Diese Daten k\u00f6nnen wir nicht bestimmten Personen zuordnen. Eine Zusammenf\u00fchrung dieser Daten mit anderen Datenquellen wird nicht vorgenommen.<\/p><h3>Cookies<\/h3><p>Die Internetseiten verwenden an mehreren Stellen so genannte Cookies. Sie dienen dazu, unser Angebot nutzerfreundlicher, effektiver und sicherer zu machen. Cookies sind kleine Textdateien, die auf Ihrem Rechner abgelegt werden und die Ihr Browser speichert. Die meisten der von uns verwendeten Cookies sind so genannte \u201eSession-Cookies\u201c. Diese Cookies richten auf Ihrem Rechner keinen Schaden an und enthalten keine Viren.<\/p><h3>Verwendungszweck<\/h3><p>Ihre pers\u00f6nlichen Daten werden ausschlie\u00dflich zur Erbringung unserer Dienstleistungen verwendet.<\/p><h3>Personenbezogene Daten<\/h3><p>Die Funktion und die Kommunikation unserer Dienstleistungen sind auf die Daten unserer Nutzer angewiesen. Dabei sind personenbezogene Daten besonders sensibel \u2013 damit sind alle Informationen gemeint, welche sich eindeutig auf eine bestimmte, nat\u00fcrliche Person zur\u00fcckf\u00fchren lassen. Durch die Nutzung unserer Seite werden keine personenbezogene Daten erhoben.<\/p><h3>Auskunftsrecht<\/h3><p>Sie haben jederzeit das Recht auf Auskunft \u00fcber die bez\u00fcglich Ihrer Person gespeicherten Daten, deren Herkunft und Empf\u00e4nger sowie den Zweck der Datenverarbeitung. Auskunft \u00fcber die gespeicherten Daten erhalten Sie bei uns.<\/p><h3>Recht auf Daten\u00fcbertragbarkeit<\/h3><p>Sie haben das Recht, eine \u00dcbertragung Ihrer Daten von uns auf eine andere Stelle zu beantragen.<\/p><h3>Recht auf Berechtigung, L\u00f6schung oder Sperrung<\/h3><p>Sie haben das Recht, Ihre Daten berichtigen, l\u00f6schen oder sperren zu lassen. Letzteres kommt zur Anwendung, wenn die gesetzliche Lage eine L\u00f6schung nicht zul\u00e4sst.<\/p><h3>Beschwerderecht<\/h3><p>Sie haben das Recht, sich bei einer Aufsichtsbeh\u00f6rde bzw. einer zust\u00e4ndigen Stelle zu beschweren, insofern Sie einen Grund zur Beanstandung haben sollten. F\u00fcr die Inanspruchnahme dieses Rechts und der zwei vorher genannten wenden Sie sich bitte an die am Ende dieser Datenschutzerkl\u00e4rung aufgef\u00fchrten Kontaktpersonen.<\/p><h3>Weitere Informationen<\/h3><p>Ihr Vertrauen ist uns wichtig. Daher m\u00f6chten wir Ihnen jederzeit Rede und Antwort bez\u00fcglich der Verarbeitung Ihrer personenbezogenen Daten stehen. Wenn Sie Fragen haben, die Ihnen diese Datenschutzerkl\u00e4rung nicht beantworten konnte oder wenn Sie zu einem Punkt vertiefte Informationen w\u00fcnschen, wenden Sie sich gerne jederzeit an<\/p><p>unseren <strong>internen Datenschutzbeauftragten<\/strong>:<\/p><p>Dietmar Leibssle (<a href=\"mailto:dleibssle@vhsrt.de\">dleibssle@vhsrt.de<\/a> oder 07121 336-164)<\/p><h3>Widerrufsbelehrung<\/h3><h4>Widerrufsrecht<\/h4><p>Sie k\u00f6nnen Ihre Vertragserkl\u00e4rung innerhalb von zwei Wochen ohne Angabe von Gr\u00fcnden in Textform (z. B. Brief, Fax, E-Mail) widerrufen. Die Frist beginnt nach Erhalt dieser Belehrung in Textform, jedoch nicht vor Vertragsschluss und auch nicht vor Erf\u00fcllung unserer Informationspflichten gem\u00e4\u00df \u00a7 312c Abs. 2 BGB in Verbindung mit \u00a7 1 Abs. 1, 2 und 4 BGB-InfoV sowie unserer Pflichten gem\u00e4\u00df \u00a7 312e Abs. 1 Satz 1 BGB in Verbindung mit \u00a7 3 BGB-InfoV. Der Widerruf ist zu richten an:<br \/>Volkshochschule Reutlingen GmbH, Spendhausstr. 6, 72764 Reutlingen, Telefon: 07121 336-0, info[at]vhsrt.de<\/p><h4>Widerrufsfolgen<\/h4><p>Im Falle eines wirksamen Widerrufs sind die beiderseits empfangenen Leistungen zur\u00fcckzugew\u00e4hren und ggf. gezogene Nutzungen (z. B. Zinsen) herauszugeben. K\u00f6nnen Sie uns die empfangene Leistung ganz oder teilweise nicht oder nur in verschlechtertem Zustand zur\u00fcckgew\u00e4hren, m\u00fcssen Sie uns insoweit ggf. Wertersatz leisten. Bei einer Dienstleistung erlischt Ihr Widerrufsrecht vorzeitig, wenn Ihr Vertragspartner mit der Ausf\u00fchrung der Dienstleistung mit Ihrer ausdr\u00fccklichen Zustimmung vor Ende der Widerrufsfrist begonnen hat oder Sie diese selbst veranlasst haben. Verpflichtungen zur Erstattung von Zahlungen m\u00fcssen innerhalb von 30 Tagen erf\u00fcllt werden. Die Frist beginnt f\u00fcr Sie mit der Absendung Ihrer Widerrufserkl\u00e4rung, f\u00fcr uns mit deren Empfang.<\/p><h4>Besondere Hinweise<\/h4><p>Ihr Widerrufsrecht erlischt vorzeitig, wenn der Vertrag von beiden Seiten auf Ihren ausdr\u00fccklichen Wunsch vollst\u00e4ndig erf\u00fcllt ist, bevor Sie Ihr Widerrufsrecht ausge\u00fcbt haben.<\/p><p>&#8211; Ende der Widerrufserkl\u00e4rung &#8211;<\/p>\t\t\t\t\t\t<\/div>\n\t\t\t\t<\/div>\n\t\t\t\t\t<\/div>\n\t\t<\/div>\n\t\t\t\t\t<\/div>\n\t\t<\/section>\n\t\t\t\t<section class=\"elementor-section elementor-top-section elementor-element elementor-element-26ee86c elementor-section-boxed elementor-section-height-default elementor-section-height-default\" data-id=\"26ee86c\" data-element_type=\"section\">\n\t\t\t\t\t\t<div class=\"elementor-container elementor-column-gap-default\">\n\t\t\t\t\t<div class=\"elementor-column elementor-col-100 elementor-top-column elementor-element elementor-element-2c3cf6b\" data-id=\"2c3cf6b\" data-element_type=\"column\">\n\t\t\t<div class=\"elementor-widget-wrap elementor-element-populated\">\n\t\t\t\t\t\t<div class=\"elementor-element elementor-element-305ef60 elementor-widget elementor-widget-text-editor\" data-id=\"305ef60\" data-element_type=\"widget\" data-widget_type=\"text-editor.default\">\n\t\t\t\t<div class=\"elementor-widget-container\">\n\t\t\t\t\t\t\t<p><a href=\"https:\/\/alt.reportageschule.de\/\">zur\u00fcck zur Startseite<\/a><\/p>\t\t\t\t\t\t<\/div>\n\t\t\t\t<\/div>\n\t\t\t\t\t<\/div>\n\t\t<\/div>\n\t\t\t\t\t<\/div>\n\t\t<\/section>\n\t\t\t\t<\/div>\n\t\t","protected":false},"excerpt":{"rendered":"<p>Home Reporterreisen Kuratorium unsere Sch\u00fcler*innen Go-Magazine Impressum zur\u00fcck zur Startseite Datenschutzerkl\u00e4rung Impressum Die ReportageschuleEin Projekt der VHS ReutlingenSpendhausstra\u00dfe 672764 ReutlingenTel: 07121 336-182 info@alt.reportageschule.de \u00a0 Verantwortlich im Sinne des \u00a7 6 Teledienstgesetzes und des \u00a7 6 Mediendienste-Staatsvertrags:Volkshochschule Reutingen GmbH, eingetragen beim Registergericht Stuttgart, HRB 352812Gesch\u00e4ftsf\u00fchrer: Dr. Ulrich BauschPostanschrift: Spendhausstr. 6, 72764 ReutlingenTelefon: 07121 336-0 Ihre telefonischen [&hellip;]<\/p>\n","protected":false},"author":3,"featured_media":0,"parent":0,"menu_order":0,"comment_status":"closed","ping_status":"closed","template":"","meta":{"footnotes":""},"_links":{"self":[{"href":"https:\/\/alt.reportageschule.de\/index.php\/wp-json\/wp\/v2\/pages\/112"}],"collection":[{"href":"https:\/\/alt.reportageschule.de\/index.php\/wp-json\/wp\/v2\/pages"}],"about":[{"href":"https:\/\/alt.reportageschule.de\/index.php\/wp-json\/wp\/v2\/types\/page"}],"author":[{"embeddable":true,"href":"https:\/\/alt.reportageschule.de\/index.php\/wp-json\/wp\/v2\/users\/3"}],"replies":[{"embeddable":true,"href":"https:\/\/alt.reportageschule.de\/index.php\/wp-json\/wp\/v2\/comments?post=112"}],"version-history":[{"count":4,"href":"https:\/\/alt.reportageschule.de\/index.php\/wp-json\/wp\/v2\/pages\/112\/revisions"}],"predecessor-version":[{"id":1248,"href":"https:\/\/alt.reportageschule.de\/index.php\/wp-json\/wp\/v2\/pages\/112\/revisions\/1248"}],"wp:attachment":[{"href":"https:\/\/alt.reportageschule.de\/index.php\/wp-json\/wp\/v2\/media?parent=112"}],"curies":[{"name":"wp","href":"https:\/\/api.w.org\/{rel}","templated":true}]}}